{"id":9227,"date":"2025-07-02T09:01:38","date_gmt":"2025-07-02T07:01:38","guid":{"rendered":"https:\/\/tadoo.at\/?post_type=product&#038;p=9227"},"modified":"2025-07-03T10:55:35","modified_gmt":"2025-07-03T08:55:35","slug":"lamp-pro","status":"publish","type":"product","link":"https:\/\/tadoo.at\/en\/produkt\/lamp-pro\/","title":{"rendered":"Lamp Pro &#8211; LED floor lamp"},"content":{"rendered":"<h1>Lamp Pro- Smart LED Lamp<\/h1>\n<p>The high-quality LED floor lamp provides <strong>smart lighting for your workplace, helping you maintain your concentration and attention all day long.<\/strong> With the integrated daylight sensor, both downlighting and uplighting are adjusted to the ambient light automatically, ensuring optimal lighting conditions throughout the day. Special requirements?<strong> Brightness and color temperature can be adjusted individually at any time <\/strong>via the practical touch display. As well as being a practical office accessory, the Lamp Pro is an impressive design element with a <strong>slim, minimalist look<\/strong> that blends expertly with its epic performance.<\/p>\n<p>Design and Pruduction: Yaasa GmbH<\/p>\n<ul>\n<li><strong>Dimensions<\/strong>: 196,8 x 105,8 x 6,5 cm<\/li>\n<li><strong> Material<\/strong>: powder-coated aluminum<\/li>\n<li><strong>Lighting current<\/strong>: indirect 70% (5500 lm), direct 30% (2300 lm)<\/li>\n<li><strong>Lighting angle<\/strong>: indirect 112\u00b0, direct 45\u00b0<\/li>\n<li><strong> Wattage<\/strong>: 60 W<\/li>\n<li><strong>Color temperature<\/strong>: 3000K \/ 4000K \/ 5000K \/ 6000K<\/li>\n<li><strong>Daylight sensor<\/strong>: yes<\/li>\n<li><strong>Motion sensor<\/strong>: yes<\/li>\n<li><strong> Dimmable<\/strong>: yes<\/li>\n<li><strong>Separate adjustment for direct\/indirect lighting<\/strong>: yes<\/li>\n<li><strong>Service life<\/strong>: &gt;36000 hours<\/li>\n<\/ul>\n<p>Datasheet: <a href=\"https:\/\/tadoo.at\/wp-content\/uploads\/2025\/07\/DB_Datasheet_Yaasa-Lamp-Pro_EN.pdf\">DB_Datasheet_Yaasa-Lamp-Pro_EN<\/a><\/p>\n<p>Manual- multilangual : <a href=\"https:\/\/tadoo.at\/wp-content\/uploads\/2025\/07\/HB_Handbuch_Yaasa-Lamp-Pro.pdf\">HB_Handbuch_Yaasa-Lamp-Pro<\/a><\/p>\n<p>Assembly: <a href=\"https:\/\/tadoo.at\/wp-content\/uploads\/2025\/07\/AA_Aufbauanleitung_Yaasa-Lamp-Pro.pdf\">AA_Aufbauanleitung_Yaasa-Lamp-Pro<\/a><\/p>\n<p>&nbsp;<\/p>\n","protected":false},"excerpt":{"rendered":"<ul>\n<li>Smart LED floor lamp with colour temperature adjustment: from cold to warm white<\/li>\n<li>Direct downlighting for workspaces and indirect room lighting, independently adjustable<\/li>\n<li>Modern, sleek design with built-in touch panel for light adjustment<\/li>\n<li>Precise daylight sensor for automatic brightness adjustment, depending on ambient light<\/li>\n<li>On\/off motion sensor for energy-efficient use<\/li>\n<li>Glare-free and dimmable spotlights for optimal lighting<\/li>\n<\/ul>\n","protected":false},"featured_media":9229,"comment_status":"closed","ping_status":"closed","template":"","meta":{"_et_pb_use_builder":"","_et_pb_old_content":"","_et_gb_content_width":""},"product_brand":[],"product_cat":[183],"product_tag":[182],"class_list":{"0":"post-9227","1":"product","2":"type-product","3":"status-publish","4":"has-post-thumbnail","6":"product_cat-lampen-en","7":"product_tag-lampe-en","9":"first","10":"instock","11":"taxable","12":"shipping-taxable","13":"purchasable","14":"product-type-simple"},"yoast_head":"<!-- This site is optimized with the Yoast SEO Premium plugin v27.2 (Yoast SEO v27.4) - https:\/\/yoast.com\/product\/yoast-seo-premium-wordpress\/ -->\n<title>Lamp Pro - LED floor lamp - TADOO<\/title>\n<meta name=\"description\" content=\"The high-quality Lamp Pro LED floor lamp offers smart, adjustable lighting with daylight sensor and touch control\u2014perfect for optimal workplace illumination\" \/>\n<meta name=\"robots\" content=\"index, follow, max-snippet:-1, max-image-preview:large, max-video-preview:-1\" \/>\n<link rel=\"canonical\" href=\"https:\/\/tadoo.at\/en\/produkt\/lamp-pro\/\" \/>\n<meta property=\"og:locale\" content=\"en_US\" \/>\n<meta property=\"og:type\" content=\"article\" \/>\n<meta property=\"og:title\" content=\"Lamp Pro - LED floor lamp\" \/>\n<meta property=\"og:description\" content=\"The high-quality Lamp Pro LED floor lamp offers smart, adjustable lighting with daylight sensor and touch control\u2014perfect for optimal workplace illumination\" \/>\n<meta property=\"og:url\" content=\"https:\/\/tadoo.at\/en\/produkt\/lamp-pro\/\" \/>\n<meta property=\"og:site_name\" content=\"TADOO\" \/>\n<meta property=\"article:publisher\" content=\"https:\/\/www.facebook.com\/TadooChair\" \/>\n<meta property=\"article:modified_time\" content=\"2025-07-03T08:55:35+00:00\" \/>\n<meta property=\"og:image\" content=\"https:\/\/tadoo.at\/wp-content\/uploads\/2025\/07\/pro.jpg\" \/>\n\t<meta property=\"og:image:width\" content=\"853\" \/>\n\t<meta property=\"og:image:height\" content=\"1280\" \/>\n\t<meta property=\"og:image:type\" content=\"image\/jpeg\" \/>\n<meta name=\"twitter:card\" content=\"summary_large_image\" \/>\n<meta name=\"twitter:label1\" content=\"Price\" \/>\n\t<meta name=\"twitter:data1\" content=\"&euro;&nbsp;624,20\" \/>\n\t<meta name=\"twitter:label2\" content=\"Availability\" \/>\n\t<meta name=\"twitter:data2\" content=\"In stock\" \/>\n<script type=\"application\/ld+json\" class=\"yoast-schema-graph\">{\"@context\":\"https:\\\/\\\/schema.org\",\"@graph\":[{\"@type\":\"WebPage\",\"@id\":\"https:\\\/\\\/tadoo.at\\\/en\\\/produkt\\\/lamp-pro\\\/\",\"url\":\"https:\\\/\\\/tadoo.at\\\/en\\\/produkt\\\/lamp-pro\\\/\",\"name\":\"Lamp Pro - LED floor lamp - TADOO\",\"isPartOf\":{\"@id\":\"https:\\\/\\\/tadoo.at\\\/en\\\/#website\"},\"primaryImageOfPage\":{\"@id\":\"https:\\\/\\\/tadoo.at\\\/en\\\/produkt\\\/lamp-pro\\\/#primaryimage\"},\"image\":{\"@id\":\"https:\\\/\\\/tadoo.at\\\/en\\\/produkt\\\/lamp-pro\\\/#primaryimage\"},\"thumbnailUrl\":\"https:\\\/\\\/tadoo.at\\\/wp-content\\\/uploads\\\/2025\\\/07\\\/pro.jpg\",\"datePublished\":\"2025-07-02T07:01:38+00:00\",\"dateModified\":\"2025-07-03T08:55:35+00:00\",\"description\":\"The high-quality Lamp Pro LED floor lamp offers smart, adjustable lighting with daylight sensor and touch control\u2014perfect for optimal workplace illumination\",\"breadcrumb\":{\"@id\":\"https:\\\/\\\/tadoo.at\\\/en\\\/produkt\\\/lamp-pro\\\/#breadcrumb\"},\"inLanguage\":\"en-US\",\"potentialAction\":[{\"@type\":\"ReadAction\",\"target\":[\"https:\\\/\\\/tadoo.at\\\/en\\\/produkt\\\/lamp-pro\\\/\"]}]},{\"@type\":\"ImageObject\",\"inLanguage\":\"en-US\",\"@id\":\"https:\\\/\\\/tadoo.at\\\/en\\\/produkt\\\/lamp-pro\\\/#primaryimage\",\"url\":\"https:\\\/\\\/tadoo.at\\\/wp-content\\\/uploads\\\/2025\\\/07\\\/pro.jpg\",\"contentUrl\":\"https:\\\/\\\/tadoo.at\\\/wp-content\\\/uploads\\\/2025\\\/07\\\/pro.jpg\",\"width\":853,\"height\":1280},{\"@type\":\"BreadcrumbList\",\"@id\":\"https:\\\/\\\/tadoo.at\\\/en\\\/produkt\\\/lamp-pro\\\/#breadcrumb\",\"itemListElement\":[{\"@type\":\"ListItem\",\"position\":1,\"name\":\"Startseite\",\"item\":\"https:\\\/\\\/tadoo.at\\\/en\\\/\"},{\"@type\":\"ListItem\",\"position\":2,\"name\":\"Shop\",\"item\":\"https:\\\/\\\/tadoo.at\\\/en\\\/shop\\\/\"},{\"@type\":\"ListItem\",\"position\":3,\"name\":\"Lamp Pro &#8211; LED floor lamp\"}]},{\"@type\":\"WebSite\",\"@id\":\"https:\\\/\\\/tadoo.at\\\/en\\\/#website\",\"url\":\"https:\\\/\\\/tadoo.at\\\/en\\\/\",\"name\":\"TADOO Furniture\",\"description\":\"\",\"publisher\":{\"@id\":\"https:\\\/\\\/tadoo.at\\\/en\\\/#organization\"},\"potentialAction\":[{\"@type\":\"SearchAction\",\"target\":{\"@type\":\"EntryPoint\",\"urlTemplate\":\"https:\\\/\\\/tadoo.at\\\/en\\\/?s={search_term_string}\"},\"query-input\":{\"@type\":\"PropertyValueSpecification\",\"valueRequired\":true,\"valueName\":\"search_term_string\"}}],\"inLanguage\":\"en-US\"},{\"@type\":[\"Organization\",\"Place\"],\"@id\":\"https:\\\/\\\/tadoo.at\\\/en\\\/#organization\",\"name\":\"TADOO Furniture GmbH\",\"url\":\"https:\\\/\\\/tadoo.at\\\/en\\\/\",\"logo\":{\"@id\":\"https:\\\/\\\/tadoo.at\\\/en\\\/produkt\\\/lamp-pro\\\/#local-main-organization-logo\"},\"image\":{\"@id\":\"https:\\\/\\\/tadoo.at\\\/en\\\/produkt\\\/lamp-pro\\\/#local-main-organization-logo\"},\"sameAs\":[\"https:\\\/\\\/www.facebook.com\\\/TadooChair\",\"https:\\\/\\\/www.instagram.com\\\/tadoo_original\"],\"description\":\"TADOO ist eine spezialisierte Marke f\u00fcr T\u00e4towierm\u00f6bel und Equipment mit Sitz in \u00d6sterreich, die sich auf ergonomische und hochwertige L\u00f6sungen f\u00fcr Tattoo-Studios konzentriert. Die Marke entstand aus der Notwendigkeit heraus, T\u00e4towierern Arbeitspl\u00e4tze zu bieten, die sowohl f\u00fcr den K\u00fcnstler als auch f\u00fcr den Kunden Komfort \u00fcber lange Sitzungen hinweg gew\u00e4hrleisten Der Fokus liegt auf Ergonomie (Tadoo Ergo): Ein Meilenstein der Marke ist die Entwicklung der Tadoo Ergo UNI Serie, insbesondere der Rev 3.0. Diese Liegen sind voll elektrisch verstellbar und darauf ausgelegt, r\u00fcckenfreundliches Arbeiten f\u00fcr den T\u00e4towierer und bequemes Liegen f\u00fcr den Kunden zu erm\u00f6glichen. Praxisorientierung: Die Produkte, darunter Tattoo-Stuhl-Liegen und Arbeitshocker, werden direkt f\u00fcr den professionellen Einsatz im Tattoo-Studio entwickelt. Kundenspeziefisch: Alle Produkte der Serie Tadoo Uni REv 3.0, XXX und alle Arbeitshocker k\u00f6nnen individuell f\u00fcm Kunden in Farbe, Logo, Heizung oder Akkuberieb angepasst werden. Dazu stehen \u00fcber 900 verschiede Varianten mit Farben Mustern udn Nahtfarben zur Verf\u00fcgung. Bekannte Nutzung: Die Qualit\u00e4t der Tadoo-St\u00fchle hat dazu gef\u00fchrt, dass namhafte Studios, wie beispielsweise das Tempel M\u00fcnchen Tattoo Studio, ihre Arbeitspl\u00e4tze komplett mit Tadoo-Liegen ausgestattet haben. Angebot: Neben den St\u00fchlen umfasst das Sortiment Zubeh\u00f6r wie Hocker und Reinigungsprodukte, die unter dem Namen \\\"Tintenkillah\\\" gef\u00fchrt sind.\",\"legalName\":\"Tadoo Furniture GmbH\",\"foundingDate\":\"2016-06-01\",\"address\":{\"@id\":\"https:\\\/\\\/tadoo.at\\\/en\\\/produkt\\\/lamp-pro\\\/#local-main-place-address\"},\"telephone\":[\"+436649165300\"],\"contactPoint\":{\"@type\":\"ContactPoint\",\"telephone\":\"+436649165300\"},\"openingHoursSpecification\":[{\"@type\":\"OpeningHoursSpecification\",\"dayOfWeek\":[\"Monday\",\"Tuesday\",\"Wednesday\",\"Thursday\"],\"opens\":\"09:00\",\"closes\":\"16:00\"},{\"@type\":\"OpeningHoursSpecification\",\"dayOfWeek\":[\"Friday\"],\"opens\":\"09:00\",\"closes\":\"11:45\"},{\"@type\":\"OpeningHoursSpecification\",\"dayOfWeek\":[\"Saturday\",\"Sunday\"],\"opens\":\"00:00\",\"closes\":\"00:00\"}],\"email\":\"office@tadoo.at\",\"vatID\":\"ATU76864403\",\"globalLocationNumber\":\"9110009832043\"},{\"@type\":\"PostalAddress\",\"@id\":\"https:\\\/\\\/tadoo.at\\\/en\\\/produkt\\\/lamp-pro\\\/#local-main-place-address\",\"streetAddress\":\"Gewerbepark West 26\",\"addressLocality\":\"Preding\",\"postalCode\":\"8504\",\"addressRegion\":\"Steiermark\",\"addressCountry\":\"AT\"},{\"@type\":\"ImageObject\",\"inLanguage\":\"en-US\",\"@id\":\"https:\\\/\\\/tadoo.at\\\/en\\\/produkt\\\/lamp-pro\\\/#local-main-organization-logo\",\"url\":\"https:\\\/\\\/tadoo.at\\\/wp-content\\\/uploads\\\/2025\\\/03\\\/logo-black.png\",\"contentUrl\":\"https:\\\/\\\/tadoo.at\\\/wp-content\\\/uploads\\\/2025\\\/03\\\/logo-black.png\",\"width\":98,\"height\":100,\"caption\":\"TADOO Furniture GmbH\"}]}<\/script>\n<meta property=\"product:price:amount\" content=\"624.20\" \/>\n<meta property=\"product:price:currency\" content=\"EUR\" \/>\n<meta property=\"og:availability\" content=\"instock\" \/>\n<meta property=\"product:availability\" content=\"instock\" \/>\n<meta property=\"product:condition\" content=\"new\" \/>\n<meta name=\"geo.placename\" content=\"Preding\" \/>\n<meta name=\"geo.region\" content=\"Austria\" \/>\n<!-- \/ Yoast SEO Premium plugin. -->","yoast_head_json":{"title":"Lamp Pro - LED floor lamp - TADOO","description":"The high-quality Lamp Pro LED floor lamp offers smart, adjustable lighting with daylight sensor and touch control\u2014perfect for optimal workplace illumination","robots":{"index":"index","follow":"follow","max-snippet":"max-snippet:-1","max-image-preview":"max-image-preview:large","max-video-preview":"max-video-preview:-1"},"canonical":"https:\/\/tadoo.at\/en\/produkt\/lamp-pro\/","og_locale":"en_US","og_type":"article","og_title":"Lamp Pro - LED floor lamp","og_description":"The high-quality Lamp Pro LED floor lamp offers smart, adjustable lighting with daylight sensor and touch control\u2014perfect for optimal workplace illumination","og_url":"https:\/\/tadoo.at\/en\/produkt\/lamp-pro\/","og_site_name":"TADOO","article_publisher":"https:\/\/www.facebook.com\/TadooChair","article_modified_time":"2025-07-03T08:55:35+00:00","og_image":[{"width":853,"height":1280,"url":"https:\/\/tadoo.at\/wp-content\/uploads\/2025\/07\/pro.jpg","type":"image\/jpeg"}],"twitter_card":"summary_large_image","twitter_misc":{"Price":"&euro;&nbsp;624,20","Availability":"In stock"},"schema":{"@context":"https:\/\/schema.org","@graph":[{"@type":"WebPage","@id":"https:\/\/tadoo.at\/en\/produkt\/lamp-pro\/","url":"https:\/\/tadoo.at\/en\/produkt\/lamp-pro\/","name":"Lamp Pro - LED floor lamp - TADOO","isPartOf":{"@id":"https:\/\/tadoo.at\/en\/#website"},"primaryImageOfPage":{"@id":"https:\/\/tadoo.at\/en\/produkt\/lamp-pro\/#primaryimage"},"image":{"@id":"https:\/\/tadoo.at\/en\/produkt\/lamp-pro\/#primaryimage"},"thumbnailUrl":"https:\/\/tadoo.at\/wp-content\/uploads\/2025\/07\/pro.jpg","datePublished":"2025-07-02T07:01:38+00:00","dateModified":"2025-07-03T08:55:35+00:00","description":"The high-quality Lamp Pro LED floor lamp offers smart, adjustable lighting with daylight sensor and touch control\u2014perfect for optimal workplace illumination","breadcrumb":{"@id":"https:\/\/tadoo.at\/en\/produkt\/lamp-pro\/#breadcrumb"},"inLanguage":"en-US","potentialAction":[{"@type":"ReadAction","target":["https:\/\/tadoo.at\/en\/produkt\/lamp-pro\/"]}]},{"@type":"ImageObject","inLanguage":"en-US","@id":"https:\/\/tadoo.at\/en\/produkt\/lamp-pro\/#primaryimage","url":"https:\/\/tadoo.at\/wp-content\/uploads\/2025\/07\/pro.jpg","contentUrl":"https:\/\/tadoo.at\/wp-content\/uploads\/2025\/07\/pro.jpg","width":853,"height":1280},{"@type":"BreadcrumbList","@id":"https:\/\/tadoo.at\/en\/produkt\/lamp-pro\/#breadcrumb","itemListElement":[{"@type":"ListItem","position":1,"name":"Startseite","item":"https:\/\/tadoo.at\/en\/"},{"@type":"ListItem","position":2,"name":"Shop","item":"https:\/\/tadoo.at\/en\/shop\/"},{"@type":"ListItem","position":3,"name":"Lamp Pro &#8211; LED floor lamp"}]},{"@type":"WebSite","@id":"https:\/\/tadoo.at\/en\/#website","url":"https:\/\/tadoo.at\/en\/","name":"TADOO Furniture","description":"","publisher":{"@id":"https:\/\/tadoo.at\/en\/#organization"},"potentialAction":[{"@type":"SearchAction","target":{"@type":"EntryPoint","urlTemplate":"https:\/\/tadoo.at\/en\/?s={search_term_string}"},"query-input":{"@type":"PropertyValueSpecification","valueRequired":true,"valueName":"search_term_string"}}],"inLanguage":"en-US"},{"@type":["Organization","Place"],"@id":"https:\/\/tadoo.at\/en\/#organization","name":"TADOO Furniture GmbH","url":"https:\/\/tadoo.at\/en\/","logo":{"@id":"https:\/\/tadoo.at\/en\/produkt\/lamp-pro\/#local-main-organization-logo"},"image":{"@id":"https:\/\/tadoo.at\/en\/produkt\/lamp-pro\/#local-main-organization-logo"},"sameAs":["https:\/\/www.facebook.com\/TadooChair","https:\/\/www.instagram.com\/tadoo_original"],"description":"TADOO ist eine spezialisierte Marke f\u00fcr T\u00e4towierm\u00f6bel und Equipment mit Sitz in \u00d6sterreich, die sich auf ergonomische und hochwertige L\u00f6sungen f\u00fcr Tattoo-Studios konzentriert. Die Marke entstand aus der Notwendigkeit heraus, T\u00e4towierern Arbeitspl\u00e4tze zu bieten, die sowohl f\u00fcr den K\u00fcnstler als auch f\u00fcr den Kunden Komfort \u00fcber lange Sitzungen hinweg gew\u00e4hrleisten Der Fokus liegt auf Ergonomie (Tadoo Ergo): Ein Meilenstein der Marke ist die Entwicklung der Tadoo Ergo UNI Serie, insbesondere der Rev 3.0. Diese Liegen sind voll elektrisch verstellbar und darauf ausgelegt, r\u00fcckenfreundliches Arbeiten f\u00fcr den T\u00e4towierer und bequemes Liegen f\u00fcr den Kunden zu erm\u00f6glichen. Praxisorientierung: Die Produkte, darunter Tattoo-Stuhl-Liegen und Arbeitshocker, werden direkt f\u00fcr den professionellen Einsatz im Tattoo-Studio entwickelt. Kundenspeziefisch: Alle Produkte der Serie Tadoo Uni REv 3.0, XXX und alle Arbeitshocker k\u00f6nnen individuell f\u00fcm Kunden in Farbe, Logo, Heizung oder Akkuberieb angepasst werden. Dazu stehen \u00fcber 900 verschiede Varianten mit Farben Mustern udn Nahtfarben zur Verf\u00fcgung. Bekannte Nutzung: Die Qualit\u00e4t der Tadoo-St\u00fchle hat dazu gef\u00fchrt, dass namhafte Studios, wie beispielsweise das Tempel M\u00fcnchen Tattoo Studio, ihre Arbeitspl\u00e4tze komplett mit Tadoo-Liegen ausgestattet haben. Angebot: Neben den St\u00fchlen umfasst das Sortiment Zubeh\u00f6r wie Hocker und Reinigungsprodukte, die unter dem Namen \"Tintenkillah\" gef\u00fchrt sind.","legalName":"Tadoo Furniture GmbH","foundingDate":"2016-06-01","address":{"@id":"https:\/\/tadoo.at\/en\/produkt\/lamp-pro\/#local-main-place-address"},"telephone":["+436649165300"],"contactPoint":{"@type":"ContactPoint","telephone":"+436649165300"},"openingHoursSpecification":[{"@type":"OpeningHoursSpecification","dayOfWeek":["Monday","Tuesday","Wednesday","Thursday"],"opens":"09:00","closes":"16:00"},{"@type":"OpeningHoursSpecification","dayOfWeek":["Friday"],"opens":"09:00","closes":"11:45"},{"@type":"OpeningHoursSpecification","dayOfWeek":["Saturday","Sunday"],"opens":"00:00","closes":"00:00"}],"email":"office@tadoo.at","vatID":"ATU76864403","globalLocationNumber":"9110009832043"},{"@type":"PostalAddress","@id":"https:\/\/tadoo.at\/en\/produkt\/lamp-pro\/#local-main-place-address","streetAddress":"Gewerbepark West 26","addressLocality":"Preding","postalCode":"8504","addressRegion":"Steiermark","addressCountry":"AT"},{"@type":"ImageObject","inLanguage":"en-US","@id":"https:\/\/tadoo.at\/en\/produkt\/lamp-pro\/#local-main-organization-logo","url":"https:\/\/tadoo.at\/wp-content\/uploads\/2025\/03\/logo-black.png","contentUrl":"https:\/\/tadoo.at\/wp-content\/uploads\/2025\/03\/logo-black.png","width":98,"height":100,"caption":"TADOO Furniture GmbH"}]},"product_price_amount":"624.20","product_price_currency":"EUR","og_availability":"instock","product_availability":"instock","product_condition":"new","geo.placename":"Preding","geo.region":"Austria"},"_links":{"self":[{"href":"https:\/\/tadoo.at\/en\/wp-json\/wp\/v2\/product\/9227","targetHints":{"allow":["GET"]}}],"collection":[{"href":"https:\/\/tadoo.at\/en\/wp-json\/wp\/v2\/product"}],"about":[{"href":"https:\/\/tadoo.at\/en\/wp-json\/wp\/v2\/types\/product"}],"replies":[{"embeddable":true,"href":"https:\/\/tadoo.at\/en\/wp-json\/wp\/v2\/comments?post=9227"}],"wp:featuredmedia":[{"embeddable":true,"href":"https:\/\/tadoo.at\/en\/wp-json\/wp\/v2\/media\/9229"}],"wp:attachment":[{"href":"https:\/\/tadoo.at\/en\/wp-json\/wp\/v2\/media?parent=9227"}],"wp:term":[{"taxonomy":"product_brand","embeddable":true,"href":"https:\/\/tadoo.at\/en\/wp-json\/wp\/v2\/product_brand?post=9227"},{"taxonomy":"product_cat","embeddable":true,"href":"https:\/\/tadoo.at\/en\/wp-json\/wp\/v2\/product_cat?post=9227"},{"taxonomy":"product_tag","embeddable":true,"href":"https:\/\/tadoo.at\/en\/wp-json\/wp\/v2\/product_tag?post=9227"}],"curies":[{"name":"wp","href":"https:\/\/api.w.org\/{rel}","templated":true}]}}