{"id":9202,"date":"2025-07-02T08:44:53","date_gmt":"2025-07-02T06:44:53","guid":{"rendered":"https:\/\/tadoo.at\/?post_type=product&#038;p=9202"},"modified":"2025-07-03T11:03:26","modified_gmt":"2025-07-03T09:03:26","slug":"tadoo-essential-lamp","status":"publish","type":"product","link":"https:\/\/tadoo.at\/en\/produkt\/tadoo-essential-lamp\/","title":{"rendered":"Lamp Essential"},"content":{"rendered":"<h1>It is Essential- The Essential Lamp<\/h1>\n<p>This <strong>ultra-flexible desk lamp ensures total focus at work:<\/strong> and it can be customized exactly as you want it! Simply clip the lamp onto the table to <strong>save space and illuminate your workplace perfectly. <\/strong> Ensure the <strong> optimum brightness<\/strong> to protect your eyes by <strong>adjusting the light intensity and color temperature precisely to your needs.<\/strong> With a smart daylight sensor, additional fold-out lights and rotating joints, the lamp <strong>eliminates dazzling, flickering and unwanted shadows on your workspace.<\/strong> Likewise, with the combination of direct and indirect light, you can <strong>complete your workplace in a style that&#8217;s optimized for productive work and well-being. <\/strong><\/p>\n<ul>\n<li><strong>Dimensions<\/strong>: max. width 71.7 cm, max. height 72.4 cm<\/li>\n<li><strong>Compatible with table tops<\/strong>: up to 6 cm thick<\/li>\n<li><strong> Material<\/strong>: aluminum<\/li>\n<li><strong>Lighting current<\/strong>: 1500 lm<\/li>\n<li><strong>Lighting angle<\/strong>: individually adjustable<\/li>\n<li><strong> Wattage<\/strong>: 24 W<\/li>\n<li><strong>Color temperature<\/strong>: 3000 &#8211; 6500K<\/li>\n<li><strong>CRI (Ra&gt;)<\/strong>: &gt;90<\/li>\n<li><strong>Daylight sensor<\/strong>: yes<\/li>\n<li><strong>Motion sensor<\/strong>: no<\/li>\n<li><strong> Dimmable<\/strong>: yes<\/li>\n<li><strong>Separate adjustment for direct\/indirect lighting<\/strong>: no<\/li>\n<li><strong>Service life<\/strong>: &gt;30000 hours<\/li>\n<\/ul>\n<p>Download Handbuch &#8211;&gt; <a href=\"https:\/\/tadoo.at\/wp-content\/uploads\/2025\/07\/HB_Manual_Yaasa-Lamp-Essential.pdf\">HB_Manual_Yaasa-Lamp-Essential<\/a><\/p>\n","protected":false},"excerpt":{"rendered":"<p>The Lamp Essential<\/p>\n<p>The flexible light for a brighter workday. Adjust brightness and color temperature to achieve the perfect lighting conditions for every task.<\/p>\n<ul>\n<li>Clip-on, ultra-flexible LED desk lamp with main and secondary lights<\/li>\n<li>Dimmable with adjustable color temperature<\/li>\n<li>Responsive daylight sensor to adjust lamp brightness to ambient light<\/li>\n<li>Additional lights for indirect room lighting or extended desk lighting<\/li>\n<li>Pivot function with 6 stages for user-defined positioning<\/li>\n<li>Intuitive control function via the lighting strip<\/li>\n<\/ul>\n","protected":false},"featured_media":9204,"comment_status":"closed","ping_status":"closed","template":"","meta":{"_et_pb_use_builder":"","_et_pb_old_content":"","_et_gb_content_width":""},"product_brand":[],"product_cat":[183],"product_tag":[182],"class_list":{"0":"post-9202","1":"product","2":"type-product","3":"status-publish","4":"has-post-thumbnail","6":"product_cat-lampen-en","7":"product_tag-lampe-en","9":"first","10":"instock","11":"taxable","12":"shipping-taxable","13":"purchasable","14":"product-type-simple"},"yoast_head":"<!-- This site is optimized with the Yoast SEO Premium plugin v27.2 (Yoast SEO v27.4) - https:\/\/yoast.com\/product\/yoast-seo-premium-wordpress\/ -->\n<title>Lamp Essential - TADOO<\/title>\n<meta name=\"description\" content=\"Experience the Essential Lamp: a stylish, dimmable LED light designed for comfortable illumination and enhanced focus.\" \/>\n<meta name=\"robots\" content=\"index, follow, max-snippet:-1, max-image-preview:large, max-video-preview:-1\" \/>\n<link rel=\"canonical\" href=\"https:\/\/tadoo.at\/en\/produkt\/tadoo-essential-lamp\/\" \/>\n<meta property=\"og:locale\" content=\"en_US\" \/>\n<meta property=\"og:type\" content=\"article\" \/>\n<meta property=\"og:title\" content=\"Lamp Essential\" \/>\n<meta property=\"og:description\" content=\"Experience the Essential Lamp: a stylish, dimmable LED light designed for comfortable illumination and enhanced focus.\" \/>\n<meta property=\"og:url\" content=\"https:\/\/tadoo.at\/en\/produkt\/tadoo-essential-lamp\/\" \/>\n<meta property=\"og:site_name\" content=\"TADOO\" \/>\n<meta property=\"article:publisher\" content=\"https:\/\/www.facebook.com\/TadooChair\" \/>\n<meta property=\"article:modified_time\" content=\"2025-07-03T09:03:26+00:00\" \/>\n<meta property=\"og:image\" content=\"https:\/\/tadoo.at\/wp-content\/uploads\/2025\/07\/essential.jpg\" \/>\n\t<meta property=\"og:image:width\" content=\"853\" \/>\n\t<meta property=\"og:image:height\" content=\"1280\" \/>\n\t<meta property=\"og:image:type\" content=\"image\/jpeg\" \/>\n<meta name=\"twitter:card\" content=\"summary_large_image\" \/>\n<meta name=\"twitter:label1\" content=\"Price\" \/>\n\t<meta name=\"twitter:data1\" content=\"&euro;&nbsp;82,50\" \/>\n\t<meta name=\"twitter:label2\" content=\"Availability\" \/>\n\t<meta name=\"twitter:data2\" content=\"In stock\" \/>\n<script type=\"application\/ld+json\" class=\"yoast-schema-graph\">{\"@context\":\"https:\\\/\\\/schema.org\",\"@graph\":[{\"@type\":\"WebPage\",\"@id\":\"https:\\\/\\\/tadoo.at\\\/en\\\/produkt\\\/tadoo-essential-lamp\\\/\",\"url\":\"https:\\\/\\\/tadoo.at\\\/en\\\/produkt\\\/tadoo-essential-lamp\\\/\",\"name\":\"Lamp Essential - TADOO\",\"isPartOf\":{\"@id\":\"https:\\\/\\\/tadoo.at\\\/en\\\/#website\"},\"primaryImageOfPage\":{\"@id\":\"https:\\\/\\\/tadoo.at\\\/en\\\/produkt\\\/tadoo-essential-lamp\\\/#primaryimage\"},\"image\":{\"@id\":\"https:\\\/\\\/tadoo.at\\\/en\\\/produkt\\\/tadoo-essential-lamp\\\/#primaryimage\"},\"thumbnailUrl\":\"https:\\\/\\\/tadoo.at\\\/wp-content\\\/uploads\\\/2025\\\/07\\\/essential.jpg\",\"datePublished\":\"2025-07-02T06:44:53+00:00\",\"dateModified\":\"2025-07-03T09:03:26+00:00\",\"description\":\"Experience the Essential Lamp: a stylish, dimmable LED light designed for comfortable illumination and enhanced focus.\",\"breadcrumb\":{\"@id\":\"https:\\\/\\\/tadoo.at\\\/en\\\/produkt\\\/tadoo-essential-lamp\\\/#breadcrumb\"},\"inLanguage\":\"en-US\",\"potentialAction\":[{\"@type\":\"ReadAction\",\"target\":[\"https:\\\/\\\/tadoo.at\\\/en\\\/produkt\\\/tadoo-essential-lamp\\\/\"]}]},{\"@type\":\"ImageObject\",\"inLanguage\":\"en-US\",\"@id\":\"https:\\\/\\\/tadoo.at\\\/en\\\/produkt\\\/tadoo-essential-lamp\\\/#primaryimage\",\"url\":\"https:\\\/\\\/tadoo.at\\\/wp-content\\\/uploads\\\/2025\\\/07\\\/essential.jpg\",\"contentUrl\":\"https:\\\/\\\/tadoo.at\\\/wp-content\\\/uploads\\\/2025\\\/07\\\/essential.jpg\",\"width\":853,\"height\":1280},{\"@type\":\"BreadcrumbList\",\"@id\":\"https:\\\/\\\/tadoo.at\\\/en\\\/produkt\\\/tadoo-essential-lamp\\\/#breadcrumb\",\"itemListElement\":[{\"@type\":\"ListItem\",\"position\":1,\"name\":\"Startseite\",\"item\":\"https:\\\/\\\/tadoo.at\\\/en\\\/\"},{\"@type\":\"ListItem\",\"position\":2,\"name\":\"Shop\",\"item\":\"https:\\\/\\\/tadoo.at\\\/en\\\/shop\\\/\"},{\"@type\":\"ListItem\",\"position\":3,\"name\":\"Lamp Essential\"}]},{\"@type\":\"WebSite\",\"@id\":\"https:\\\/\\\/tadoo.at\\\/en\\\/#website\",\"url\":\"https:\\\/\\\/tadoo.at\\\/en\\\/\",\"name\":\"TADOO Furniture\",\"description\":\"\",\"publisher\":{\"@id\":\"https:\\\/\\\/tadoo.at\\\/en\\\/#organization\"},\"potentialAction\":[{\"@type\":\"SearchAction\",\"target\":{\"@type\":\"EntryPoint\",\"urlTemplate\":\"https:\\\/\\\/tadoo.at\\\/en\\\/?s={search_term_string}\"},\"query-input\":{\"@type\":\"PropertyValueSpecification\",\"valueRequired\":true,\"valueName\":\"search_term_string\"}}],\"inLanguage\":\"en-US\"},{\"@type\":[\"Organization\",\"Place\"],\"@id\":\"https:\\\/\\\/tadoo.at\\\/en\\\/#organization\",\"name\":\"TADOO Furniture GmbH\",\"url\":\"https:\\\/\\\/tadoo.at\\\/en\\\/\",\"logo\":{\"@id\":\"https:\\\/\\\/tadoo.at\\\/en\\\/produkt\\\/tadoo-essential-lamp\\\/#local-main-organization-logo\"},\"image\":{\"@id\":\"https:\\\/\\\/tadoo.at\\\/en\\\/produkt\\\/tadoo-essential-lamp\\\/#local-main-organization-logo\"},\"sameAs\":[\"https:\\\/\\\/www.facebook.com\\\/TadooChair\",\"https:\\\/\\\/www.instagram.com\\\/tadoo_original\"],\"description\":\"TADOO ist eine spezialisierte Marke f\u00fcr T\u00e4towierm\u00f6bel und Equipment mit Sitz in \u00d6sterreich, die sich auf ergonomische und hochwertige L\u00f6sungen f\u00fcr Tattoo-Studios konzentriert. Die Marke entstand aus der Notwendigkeit heraus, T\u00e4towierern Arbeitspl\u00e4tze zu bieten, die sowohl f\u00fcr den K\u00fcnstler als auch f\u00fcr den Kunden Komfort \u00fcber lange Sitzungen hinweg gew\u00e4hrleisten Der Fokus liegt auf Ergonomie (Tadoo Ergo): Ein Meilenstein der Marke ist die Entwicklung der Tadoo Ergo UNI Serie, insbesondere der Rev 3.0. Diese Liegen sind voll elektrisch verstellbar und darauf ausgelegt, r\u00fcckenfreundliches Arbeiten f\u00fcr den T\u00e4towierer und bequemes Liegen f\u00fcr den Kunden zu erm\u00f6glichen. Praxisorientierung: Die Produkte, darunter Tattoo-Stuhl-Liegen und Arbeitshocker, werden direkt f\u00fcr den professionellen Einsatz im Tattoo-Studio entwickelt. Kundenspeziefisch: Alle Produkte der Serie Tadoo Uni REv 3.0, XXX und alle Arbeitshocker k\u00f6nnen individuell f\u00fcm Kunden in Farbe, Logo, Heizung oder Akkuberieb angepasst werden. Dazu stehen \u00fcber 900 verschiede Varianten mit Farben Mustern udn Nahtfarben zur Verf\u00fcgung. Bekannte Nutzung: Die Qualit\u00e4t der Tadoo-St\u00fchle hat dazu gef\u00fchrt, dass namhafte Studios, wie beispielsweise das Tempel M\u00fcnchen Tattoo Studio, ihre Arbeitspl\u00e4tze komplett mit Tadoo-Liegen ausgestattet haben. Angebot: Neben den St\u00fchlen umfasst das Sortiment Zubeh\u00f6r wie Hocker und Reinigungsprodukte, die unter dem Namen \\\"Tintenkillah\\\" gef\u00fchrt sind.\",\"legalName\":\"Tadoo Furniture GmbH\",\"foundingDate\":\"2016-06-01\",\"address\":{\"@id\":\"https:\\\/\\\/tadoo.at\\\/en\\\/produkt\\\/tadoo-essential-lamp\\\/#local-main-place-address\"},\"telephone\":[\"+436649165300\"],\"contactPoint\":{\"@type\":\"ContactPoint\",\"telephone\":\"+436649165300\"},\"openingHoursSpecification\":[{\"@type\":\"OpeningHoursSpecification\",\"dayOfWeek\":[\"Monday\",\"Tuesday\",\"Wednesday\",\"Thursday\"],\"opens\":\"09:00\",\"closes\":\"16:00\"},{\"@type\":\"OpeningHoursSpecification\",\"dayOfWeek\":[\"Friday\"],\"opens\":\"09:00\",\"closes\":\"11:45\"},{\"@type\":\"OpeningHoursSpecification\",\"dayOfWeek\":[\"Saturday\",\"Sunday\"],\"opens\":\"00:00\",\"closes\":\"00:00\"}],\"email\":\"office@tadoo.at\",\"vatID\":\"ATU76864403\",\"globalLocationNumber\":\"9110009832043\"},{\"@type\":\"PostalAddress\",\"@id\":\"https:\\\/\\\/tadoo.at\\\/en\\\/produkt\\\/tadoo-essential-lamp\\\/#local-main-place-address\",\"streetAddress\":\"Gewerbepark West 26\",\"addressLocality\":\"Preding\",\"postalCode\":\"8504\",\"addressRegion\":\"Steiermark\",\"addressCountry\":\"AT\"},{\"@type\":\"ImageObject\",\"inLanguage\":\"en-US\",\"@id\":\"https:\\\/\\\/tadoo.at\\\/en\\\/produkt\\\/tadoo-essential-lamp\\\/#local-main-organization-logo\",\"url\":\"https:\\\/\\\/tadoo.at\\\/wp-content\\\/uploads\\\/2025\\\/03\\\/logo-black.png\",\"contentUrl\":\"https:\\\/\\\/tadoo.at\\\/wp-content\\\/uploads\\\/2025\\\/03\\\/logo-black.png\",\"width\":98,\"height\":100,\"caption\":\"TADOO Furniture GmbH\"}]}<\/script>\n<meta property=\"product:price:amount\" content=\"82.50\" \/>\n<meta property=\"product:price:currency\" content=\"EUR\" \/>\n<meta property=\"og:availability\" content=\"instock\" \/>\n<meta property=\"product:availability\" content=\"instock\" \/>\n<meta property=\"product:condition\" content=\"new\" \/>\n<meta name=\"geo.placename\" content=\"Preding\" \/>\n<meta name=\"geo.region\" content=\"Austria\" \/>\n<!-- \/ Yoast SEO Premium plugin. -->","yoast_head_json":{"title":"Lamp Essential - TADOO","description":"Experience the Essential Lamp: a stylish, dimmable LED light designed for comfortable illumination and enhanced focus.","robots":{"index":"index","follow":"follow","max-snippet":"max-snippet:-1","max-image-preview":"max-image-preview:large","max-video-preview":"max-video-preview:-1"},"canonical":"https:\/\/tadoo.at\/en\/produkt\/tadoo-essential-lamp\/","og_locale":"en_US","og_type":"article","og_title":"Lamp Essential","og_description":"Experience the Essential Lamp: a stylish, dimmable LED light designed for comfortable illumination and enhanced focus.","og_url":"https:\/\/tadoo.at\/en\/produkt\/tadoo-essential-lamp\/","og_site_name":"TADOO","article_publisher":"https:\/\/www.facebook.com\/TadooChair","article_modified_time":"2025-07-03T09:03:26+00:00","og_image":[{"width":853,"height":1280,"url":"https:\/\/tadoo.at\/wp-content\/uploads\/2025\/07\/essential.jpg","type":"image\/jpeg"}],"twitter_card":"summary_large_image","twitter_misc":{"Price":"&euro;&nbsp;82,50","Availability":"In stock"},"schema":{"@context":"https:\/\/schema.org","@graph":[{"@type":"WebPage","@id":"https:\/\/tadoo.at\/en\/produkt\/tadoo-essential-lamp\/","url":"https:\/\/tadoo.at\/en\/produkt\/tadoo-essential-lamp\/","name":"Lamp Essential - TADOO","isPartOf":{"@id":"https:\/\/tadoo.at\/en\/#website"},"primaryImageOfPage":{"@id":"https:\/\/tadoo.at\/en\/produkt\/tadoo-essential-lamp\/#primaryimage"},"image":{"@id":"https:\/\/tadoo.at\/en\/produkt\/tadoo-essential-lamp\/#primaryimage"},"thumbnailUrl":"https:\/\/tadoo.at\/wp-content\/uploads\/2025\/07\/essential.jpg","datePublished":"2025-07-02T06:44:53+00:00","dateModified":"2025-07-03T09:03:26+00:00","description":"Experience the Essential Lamp: a stylish, dimmable LED light designed for comfortable illumination and enhanced focus.","breadcrumb":{"@id":"https:\/\/tadoo.at\/en\/produkt\/tadoo-essential-lamp\/#breadcrumb"},"inLanguage":"en-US","potentialAction":[{"@type":"ReadAction","target":["https:\/\/tadoo.at\/en\/produkt\/tadoo-essential-lamp\/"]}]},{"@type":"ImageObject","inLanguage":"en-US","@id":"https:\/\/tadoo.at\/en\/produkt\/tadoo-essential-lamp\/#primaryimage","url":"https:\/\/tadoo.at\/wp-content\/uploads\/2025\/07\/essential.jpg","contentUrl":"https:\/\/tadoo.at\/wp-content\/uploads\/2025\/07\/essential.jpg","width":853,"height":1280},{"@type":"BreadcrumbList","@id":"https:\/\/tadoo.at\/en\/produkt\/tadoo-essential-lamp\/#breadcrumb","itemListElement":[{"@type":"ListItem","position":1,"name":"Startseite","item":"https:\/\/tadoo.at\/en\/"},{"@type":"ListItem","position":2,"name":"Shop","item":"https:\/\/tadoo.at\/en\/shop\/"},{"@type":"ListItem","position":3,"name":"Lamp Essential"}]},{"@type":"WebSite","@id":"https:\/\/tadoo.at\/en\/#website","url":"https:\/\/tadoo.at\/en\/","name":"TADOO Furniture","description":"","publisher":{"@id":"https:\/\/tadoo.at\/en\/#organization"},"potentialAction":[{"@type":"SearchAction","target":{"@type":"EntryPoint","urlTemplate":"https:\/\/tadoo.at\/en\/?s={search_term_string}"},"query-input":{"@type":"PropertyValueSpecification","valueRequired":true,"valueName":"search_term_string"}}],"inLanguage":"en-US"},{"@type":["Organization","Place"],"@id":"https:\/\/tadoo.at\/en\/#organization","name":"TADOO Furniture GmbH","url":"https:\/\/tadoo.at\/en\/","logo":{"@id":"https:\/\/tadoo.at\/en\/produkt\/tadoo-essential-lamp\/#local-main-organization-logo"},"image":{"@id":"https:\/\/tadoo.at\/en\/produkt\/tadoo-essential-lamp\/#local-main-organization-logo"},"sameAs":["https:\/\/www.facebook.com\/TadooChair","https:\/\/www.instagram.com\/tadoo_original"],"description":"TADOO ist eine spezialisierte Marke f\u00fcr T\u00e4towierm\u00f6bel und Equipment mit Sitz in \u00d6sterreich, die sich auf ergonomische und hochwertige L\u00f6sungen f\u00fcr Tattoo-Studios konzentriert. Die Marke entstand aus der Notwendigkeit heraus, T\u00e4towierern Arbeitspl\u00e4tze zu bieten, die sowohl f\u00fcr den K\u00fcnstler als auch f\u00fcr den Kunden Komfort \u00fcber lange Sitzungen hinweg gew\u00e4hrleisten Der Fokus liegt auf Ergonomie (Tadoo Ergo): Ein Meilenstein der Marke ist die Entwicklung der Tadoo Ergo UNI Serie, insbesondere der Rev 3.0. Diese Liegen sind voll elektrisch verstellbar und darauf ausgelegt, r\u00fcckenfreundliches Arbeiten f\u00fcr den T\u00e4towierer und bequemes Liegen f\u00fcr den Kunden zu erm\u00f6glichen. Praxisorientierung: Die Produkte, darunter Tattoo-Stuhl-Liegen und Arbeitshocker, werden direkt f\u00fcr den professionellen Einsatz im Tattoo-Studio entwickelt. Kundenspeziefisch: Alle Produkte der Serie Tadoo Uni REv 3.0, XXX und alle Arbeitshocker k\u00f6nnen individuell f\u00fcm Kunden in Farbe, Logo, Heizung oder Akkuberieb angepasst werden. Dazu stehen \u00fcber 900 verschiede Varianten mit Farben Mustern udn Nahtfarben zur Verf\u00fcgung. Bekannte Nutzung: Die Qualit\u00e4t der Tadoo-St\u00fchle hat dazu gef\u00fchrt, dass namhafte Studios, wie beispielsweise das Tempel M\u00fcnchen Tattoo Studio, ihre Arbeitspl\u00e4tze komplett mit Tadoo-Liegen ausgestattet haben. Angebot: Neben den St\u00fchlen umfasst das Sortiment Zubeh\u00f6r wie Hocker und Reinigungsprodukte, die unter dem Namen \"Tintenkillah\" gef\u00fchrt sind.","legalName":"Tadoo Furniture GmbH","foundingDate":"2016-06-01","address":{"@id":"https:\/\/tadoo.at\/en\/produkt\/tadoo-essential-lamp\/#local-main-place-address"},"telephone":["+436649165300"],"contactPoint":{"@type":"ContactPoint","telephone":"+436649165300"},"openingHoursSpecification":[{"@type":"OpeningHoursSpecification","dayOfWeek":["Monday","Tuesday","Wednesday","Thursday"],"opens":"09:00","closes":"16:00"},{"@type":"OpeningHoursSpecification","dayOfWeek":["Friday"],"opens":"09:00","closes":"11:45"},{"@type":"OpeningHoursSpecification","dayOfWeek":["Saturday","Sunday"],"opens":"00:00","closes":"00:00"}],"email":"office@tadoo.at","vatID":"ATU76864403","globalLocationNumber":"9110009832043"},{"@type":"PostalAddress","@id":"https:\/\/tadoo.at\/en\/produkt\/tadoo-essential-lamp\/#local-main-place-address","streetAddress":"Gewerbepark West 26","addressLocality":"Preding","postalCode":"8504","addressRegion":"Steiermark","addressCountry":"AT"},{"@type":"ImageObject","inLanguage":"en-US","@id":"https:\/\/tadoo.at\/en\/produkt\/tadoo-essential-lamp\/#local-main-organization-logo","url":"https:\/\/tadoo.at\/wp-content\/uploads\/2025\/03\/logo-black.png","contentUrl":"https:\/\/tadoo.at\/wp-content\/uploads\/2025\/03\/logo-black.png","width":98,"height":100,"caption":"TADOO Furniture GmbH"}]},"product_price_amount":"82.50","product_price_currency":"EUR","og_availability":"instock","product_availability":"instock","product_condition":"new","geo.placename":"Preding","geo.region":"Austria"},"_links":{"self":[{"href":"https:\/\/tadoo.at\/en\/wp-json\/wp\/v2\/product\/9202","targetHints":{"allow":["GET"]}}],"collection":[{"href":"https:\/\/tadoo.at\/en\/wp-json\/wp\/v2\/product"}],"about":[{"href":"https:\/\/tadoo.at\/en\/wp-json\/wp\/v2\/types\/product"}],"replies":[{"embeddable":true,"href":"https:\/\/tadoo.at\/en\/wp-json\/wp\/v2\/comments?post=9202"}],"wp:featuredmedia":[{"embeddable":true,"href":"https:\/\/tadoo.at\/en\/wp-json\/wp\/v2\/media\/9204"}],"wp:attachment":[{"href":"https:\/\/tadoo.at\/en\/wp-json\/wp\/v2\/media?parent=9202"}],"wp:term":[{"taxonomy":"product_brand","embeddable":true,"href":"https:\/\/tadoo.at\/en\/wp-json\/wp\/v2\/product_brand?post=9202"},{"taxonomy":"product_cat","embeddable":true,"href":"https:\/\/tadoo.at\/en\/wp-json\/wp\/v2\/product_cat?post=9202"},{"taxonomy":"product_tag","embeddable":true,"href":"https:\/\/tadoo.at\/en\/wp-json\/wp\/v2\/product_tag?post=9202"}],"curies":[{"name":"wp","href":"https:\/\/api.w.org\/{rel}","templated":true}]}}