{"id":8752,"date":"2025-03-27T15:16:10","date_gmt":"2025-03-27T14:16:10","guid":{"rendered":"https:\/\/digital-artists.net\/kundenprojektvierzehn\/?post_type=product&#038;p=8752"},"modified":"2025-03-28T08:18:44","modified_gmt":"2025-03-28T07:18:44","slug":"226x3793","status":"publish","type":"product","link":"https:\/\/tadoo.at\/en\/produkt\/226x3793\/","title":{"rendered":"226&#215;3793"},"content":{"rendered":"","protected":false},"excerpt":{"rendered":"<p><b>Materialaufbau<\/b><br \/>\nBreite: 140cm \/ Rollenl\u00e4nge: 35m \/ St\u00e4rke: 1,0mm (+\/- 0,1mm)<\/p>\n<p><b>Flammhemende Ausr\u00fcstung<\/b><br \/>\nAutomobilindustrie: DIN75200 bzw. ISO 3795, FMVSS 302<br \/>\nM\u00f6belindustrie: DIN EN 1021 Teil 1+2 bzw. ISO 8191 Teil 1+2, BS 5852, M2 franz\u00f6sische Norm, B1 AT-Norm, CH-Norm 5.3 (zugelassen f\u00fcr \u00f6ffentliche Geb\u00e4ude, Raucherkinos, B\u00fchnenr\u00e4ume oder andere R\u00e4ume im Bereich von Versammlungsst\u00e4tten), IMO Resolution A652(16)<\/p>\n<p><b>Eigenschaften<\/b><br \/>\nNach gesetzlichen Bestimmungen frei von Cd\/AZO\/FCKW\/PCP\/PCB\/PCT\/Formaldehyd und von gesundheitsgef\u00e4hrdenden Stoffen &#8211; lange Haltbarkeit &#8211; UV best\u00e4ndig &#8211; Lichtechtheit &gt;6 &#8211; schwei\u00dfbest\u00e4ndig &#8211; urinbest\u00e4ndig &#8211; speichelbest\u00e4ndig &#8211; wasserdicht &#8211; rei\u00dffest &#8211; salzwasserbest\u00e4ndig &#8211; hautvertr\u00e4glich<\/p>\n<p><b>Reinigung und Desinfektion<\/b><br \/>\nKeine scharfen Reinigungsmittel verwenden! Wir empfehlen mit feuchtem Tuch, bei st\u00e4rkerer Verschmutzung mit Seifenwasser reinigen. Verwenden Sie zur Desinfektion und Reinigung unseren &#8220;Tintenkillah&#8221;<\/p>\n","protected":false},"featured_media":0,"comment_status":"closed","ping_status":"closed","template":"","meta":{"_et_pb_use_builder":"","_et_pb_old_content":"","_et_gb_content_width":""},"product_brand":[],"product_cat":[43,109],"product_tag":[],"class_list":{"0":"post-8752","1":"product","2":"type-product","3":"status-publish","5":"product_cat-crisscross","6":"product_cat-crisscross-2","8":"first","9":"instock","10":"purchasable","11":"product-type-simple"},"yoast_head":"<!-- This site is optimized with the Yoast SEO Premium plugin v27.2 (Yoast SEO v27.4) - https:\/\/yoast.com\/product\/yoast-seo-premium-wordpress\/ -->\n<title>226x3793 - TADOO<\/title>\n<meta name=\"robots\" content=\"index, follow, max-snippet:-1, max-image-preview:large, max-video-preview:-1\" \/>\n<link rel=\"canonical\" href=\"https:\/\/tadoo.at\/en\/produkt\/226x3793\/\" \/>\n<meta property=\"og:locale\" content=\"en_US\" \/>\n<meta property=\"og:type\" content=\"article\" \/>\n<meta property=\"og:title\" content=\"226x3793\" \/>\n<meta property=\"og:description\" content=\"Materialaufbau Breite: 140cm \/ Rollenl\u00e4nge: 35m \/ St\u00e4rke: 1,0mm (+\/- 0,1mm)  Flammhemende Ausr\u00fcstung Automobilindustrie: DIN75200 bzw. ISO 3795, FMVSS 302 M\u00f6belindustrie: DIN EN 1021 Teil 1+2 bzw. ISO 8191 Teil 1+2, BS 5852, M2 franz\u00f6sische Norm, B1 AT-Norm, CH-Norm 5.3 (zugelassen f\u00fcr \u00f6ffentliche Geb\u00e4ude, Raucherkinos, B\u00fchnenr\u00e4ume oder andere R\u00e4ume im Bereich von Versammlungsst\u00e4tten), IMO Resolution A652(16)  Eigenschaften Nach gesetzlichen Bestimmungen frei von Cd\/AZO\/FCKW\/PCP\/PCB\/PCT\/Formaldehyd und von gesundheitsgef\u00e4hrdenden Stoffen - lange Haltbarkeit - UV best\u00e4ndig - Lichtechtheit &gt;6 - schwei\u00dfbest\u00e4ndig - urinbest\u00e4ndig - speichelbest\u00e4ndig - wasserdicht - rei\u00dffest - salzwasserbest\u00e4ndig - hautvertr\u00e4glich  Reinigung und Desinfektion Keine scharfen Reinigungsmittel verwenden! Wir empfehlen mit feuchtem Tuch, bei st\u00e4rkerer Verschmutzung mit Seifenwasser reinigen. Verwenden Sie zur Desinfektion und Reinigung unseren &quot;Tintenkillah&quot;\" \/>\n<meta property=\"og:url\" content=\"https:\/\/tadoo.at\/en\/produkt\/226x3793\/\" \/>\n<meta property=\"og:site_name\" content=\"TADOO\" \/>\n<meta property=\"article:publisher\" content=\"https:\/\/www.facebook.com\/TadooChair\" \/>\n<meta property=\"article:modified_time\" content=\"2025-03-28T07:18:44+00:00\" \/>\n<meta name=\"twitter:card\" content=\"summary_large_image\" \/>\n<meta name=\"twitter:label1\" content=\"Price\" \/>\n\t<meta name=\"twitter:data1\" content=\"&euro;&nbsp;23,00\" \/>\n\t<meta name=\"twitter:label2\" content=\"Availability\" \/>\n\t<meta name=\"twitter:data2\" content=\"In stock\" \/>\n<script type=\"application\/ld+json\" class=\"yoast-schema-graph\">{\"@context\":\"https:\\\/\\\/schema.org\",\"@graph\":[{\"@type\":\"WebPage\",\"@id\":\"https:\\\/\\\/tadoo.at\\\/en\\\/produkt\\\/226x3793\\\/\",\"url\":\"https:\\\/\\\/tadoo.at\\\/en\\\/produkt\\\/226x3793\\\/\",\"name\":\"226x3793 - TADOO\",\"isPartOf\":{\"@id\":\"https:\\\/\\\/tadoo.at\\\/en\\\/#website\"},\"datePublished\":\"2025-03-27T14:16:10+00:00\",\"dateModified\":\"2025-03-28T07:18:44+00:00\",\"breadcrumb\":{\"@id\":\"https:\\\/\\\/tadoo.at\\\/en\\\/produkt\\\/226x3793\\\/#breadcrumb\"},\"inLanguage\":\"en-US\",\"potentialAction\":[{\"@type\":\"ReadAction\",\"target\":[\"https:\\\/\\\/tadoo.at\\\/en\\\/produkt\\\/226x3793\\\/\"]}]},{\"@type\":\"BreadcrumbList\",\"@id\":\"https:\\\/\\\/tadoo.at\\\/en\\\/produkt\\\/226x3793\\\/#breadcrumb\",\"itemListElement\":[{\"@type\":\"ListItem\",\"position\":1,\"name\":\"Startseite\",\"item\":\"https:\\\/\\\/tadoo.at\\\/en\\\/\"},{\"@type\":\"ListItem\",\"position\":2,\"name\":\"Shop\",\"item\":\"https:\\\/\\\/tadoo.at\\\/en\\\/shop\\\/\"},{\"@type\":\"ListItem\",\"position\":3,\"name\":\"226&#215;3793\"}]},{\"@type\":\"WebSite\",\"@id\":\"https:\\\/\\\/tadoo.at\\\/en\\\/#website\",\"url\":\"https:\\\/\\\/tadoo.at\\\/en\\\/\",\"name\":\"TADOO Furniture\",\"description\":\"\",\"publisher\":{\"@id\":\"https:\\\/\\\/tadoo.at\\\/en\\\/#organization\"},\"potentialAction\":[{\"@type\":\"SearchAction\",\"target\":{\"@type\":\"EntryPoint\",\"urlTemplate\":\"https:\\\/\\\/tadoo.at\\\/en\\\/?s={search_term_string}\"},\"query-input\":{\"@type\":\"PropertyValueSpecification\",\"valueRequired\":true,\"valueName\":\"search_term_string\"}}],\"inLanguage\":\"en-US\"},{\"@type\":[\"Organization\",\"Place\"],\"@id\":\"https:\\\/\\\/tadoo.at\\\/en\\\/#organization\",\"name\":\"TADOO Furniture GmbH\",\"url\":\"https:\\\/\\\/tadoo.at\\\/en\\\/\",\"logo\":{\"@id\":\"https:\\\/\\\/tadoo.at\\\/en\\\/produkt\\\/226x3793\\\/#local-main-organization-logo\"},\"image\":{\"@id\":\"https:\\\/\\\/tadoo.at\\\/en\\\/produkt\\\/226x3793\\\/#local-main-organization-logo\"},\"sameAs\":[\"https:\\\/\\\/www.facebook.com\\\/TadooChair\",\"https:\\\/\\\/www.instagram.com\\\/tadoo_original\"],\"description\":\"TADOO ist eine spezialisierte Marke f\u00fcr T\u00e4towierm\u00f6bel und Equipment mit Sitz in \u00d6sterreich, die sich auf ergonomische und hochwertige L\u00f6sungen f\u00fcr Tattoo-Studios konzentriert. Die Marke entstand aus der Notwendigkeit heraus, T\u00e4towierern Arbeitspl\u00e4tze zu bieten, die sowohl f\u00fcr den K\u00fcnstler als auch f\u00fcr den Kunden Komfort \u00fcber lange Sitzungen hinweg gew\u00e4hrleisten Der Fokus liegt auf Ergonomie (Tadoo Ergo): Ein Meilenstein der Marke ist die Entwicklung der Tadoo Ergo UNI Serie, insbesondere der Rev 3.0. Diese Liegen sind voll elektrisch verstellbar und darauf ausgelegt, r\u00fcckenfreundliches Arbeiten f\u00fcr den T\u00e4towierer und bequemes Liegen f\u00fcr den Kunden zu erm\u00f6glichen. Praxisorientierung: Die Produkte, darunter Tattoo-Stuhl-Liegen und Arbeitshocker, werden direkt f\u00fcr den professionellen Einsatz im Tattoo-Studio entwickelt. Kundenspeziefisch: Alle Produkte der Serie Tadoo Uni REv 3.0, XXX und alle Arbeitshocker k\u00f6nnen individuell f\u00fcm Kunden in Farbe, Logo, Heizung oder Akkuberieb angepasst werden. Dazu stehen \u00fcber 900 verschiede Varianten mit Farben Mustern udn Nahtfarben zur Verf\u00fcgung. Bekannte Nutzung: Die Qualit\u00e4t der Tadoo-St\u00fchle hat dazu gef\u00fchrt, dass namhafte Studios, wie beispielsweise das Tempel M\u00fcnchen Tattoo Studio, ihre Arbeitspl\u00e4tze komplett mit Tadoo-Liegen ausgestattet haben. Angebot: Neben den St\u00fchlen umfasst das Sortiment Zubeh\u00f6r wie Hocker und Reinigungsprodukte, die unter dem Namen \\\"Tintenkillah\\\" gef\u00fchrt sind.\",\"legalName\":\"Tadoo Furniture GmbH\",\"foundingDate\":\"2016-06-01\",\"address\":{\"@id\":\"https:\\\/\\\/tadoo.at\\\/en\\\/produkt\\\/226x3793\\\/#local-main-place-address\"},\"telephone\":[\"+436649165300\"],\"contactPoint\":{\"@type\":\"ContactPoint\",\"telephone\":\"+436649165300\"},\"openingHoursSpecification\":[{\"@type\":\"OpeningHoursSpecification\",\"dayOfWeek\":[\"Monday\",\"Tuesday\",\"Wednesday\",\"Thursday\"],\"opens\":\"09:00\",\"closes\":\"16:00\"},{\"@type\":\"OpeningHoursSpecification\",\"dayOfWeek\":[\"Friday\"],\"opens\":\"09:00\",\"closes\":\"11:45\"},{\"@type\":\"OpeningHoursSpecification\",\"dayOfWeek\":[\"Saturday\",\"Sunday\"],\"opens\":\"00:00\",\"closes\":\"00:00\"}],\"email\":\"office@tadoo.at\",\"vatID\":\"ATU76864403\",\"globalLocationNumber\":\"9110009832043\"},{\"@type\":\"PostalAddress\",\"@id\":\"https:\\\/\\\/tadoo.at\\\/en\\\/produkt\\\/226x3793\\\/#local-main-place-address\",\"streetAddress\":\"Gewerbepark West 26\",\"addressLocality\":\"Preding\",\"postalCode\":\"8504\",\"addressRegion\":\"Steiermark\",\"addressCountry\":\"AT\"},{\"@type\":\"ImageObject\",\"inLanguage\":\"en-US\",\"@id\":\"https:\\\/\\\/tadoo.at\\\/en\\\/produkt\\\/226x3793\\\/#local-main-organization-logo\",\"url\":\"https:\\\/\\\/tadoo.at\\\/wp-content\\\/uploads\\\/2025\\\/03\\\/logo-black.png\",\"contentUrl\":\"https:\\\/\\\/tadoo.at\\\/wp-content\\\/uploads\\\/2025\\\/03\\\/logo-black.png\",\"width\":98,\"height\":100,\"caption\":\"TADOO Furniture GmbH\"}]}<\/script>\n<meta property=\"product:price:amount\" content=\"23.00\" \/>\n<meta property=\"product:price:currency\" content=\"EUR\" \/>\n<meta property=\"og:availability\" content=\"instock\" \/>\n<meta property=\"product:availability\" content=\"instock\" \/>\n<meta property=\"product:retailer_item_id\" content=\"226x3793\" \/>\n<meta property=\"product:condition\" content=\"new\" \/>\n<meta name=\"geo.placename\" content=\"Preding\" \/>\n<meta name=\"geo.region\" content=\"Austria\" \/>\n<!-- \/ Yoast SEO Premium plugin. -->","yoast_head_json":{"title":"226x3793 - TADOO","robots":{"index":"index","follow":"follow","max-snippet":"max-snippet:-1","max-image-preview":"max-image-preview:large","max-video-preview":"max-video-preview:-1"},"canonical":"https:\/\/tadoo.at\/en\/produkt\/226x3793\/","og_locale":"en_US","og_type":"article","og_title":"226x3793","og_description":"Materialaufbau Breite: 140cm \/ Rollenl\u00e4nge: 35m \/ St\u00e4rke: 1,0mm (+\/- 0,1mm)  Flammhemende Ausr\u00fcstung Automobilindustrie: DIN75200 bzw. ISO 3795, FMVSS 302 M\u00f6belindustrie: DIN EN 1021 Teil 1+2 bzw. ISO 8191 Teil 1+2, BS 5852, M2 franz\u00f6sische Norm, B1 AT-Norm, CH-Norm 5.3 (zugelassen f\u00fcr \u00f6ffentliche Geb\u00e4ude, Raucherkinos, B\u00fchnenr\u00e4ume oder andere R\u00e4ume im Bereich von Versammlungsst\u00e4tten), IMO Resolution A652(16)  Eigenschaften Nach gesetzlichen Bestimmungen frei von Cd\/AZO\/FCKW\/PCP\/PCB\/PCT\/Formaldehyd und von gesundheitsgef\u00e4hrdenden Stoffen - lange Haltbarkeit - UV best\u00e4ndig - Lichtechtheit &gt;6 - schwei\u00dfbest\u00e4ndig - urinbest\u00e4ndig - speichelbest\u00e4ndig - wasserdicht - rei\u00dffest - salzwasserbest\u00e4ndig - hautvertr\u00e4glich  Reinigung und Desinfektion Keine scharfen Reinigungsmittel verwenden! Wir empfehlen mit feuchtem Tuch, bei st\u00e4rkerer Verschmutzung mit Seifenwasser reinigen. Verwenden Sie zur Desinfektion und Reinigung unseren \"Tintenkillah\"","og_url":"https:\/\/tadoo.at\/en\/produkt\/226x3793\/","og_site_name":"TADOO","article_publisher":"https:\/\/www.facebook.com\/TadooChair","article_modified_time":"2025-03-28T07:18:44+00:00","twitter_card":"summary_large_image","twitter_misc":{"Price":"&euro;&nbsp;23,00","Availability":"In stock"},"schema":{"@context":"https:\/\/schema.org","@graph":[{"@type":"WebPage","@id":"https:\/\/tadoo.at\/en\/produkt\/226x3793\/","url":"https:\/\/tadoo.at\/en\/produkt\/226x3793\/","name":"226x3793 - TADOO","isPartOf":{"@id":"https:\/\/tadoo.at\/en\/#website"},"datePublished":"2025-03-27T14:16:10+00:00","dateModified":"2025-03-28T07:18:44+00:00","breadcrumb":{"@id":"https:\/\/tadoo.at\/en\/produkt\/226x3793\/#breadcrumb"},"inLanguage":"en-US","potentialAction":[{"@type":"ReadAction","target":["https:\/\/tadoo.at\/en\/produkt\/226x3793\/"]}]},{"@type":"BreadcrumbList","@id":"https:\/\/tadoo.at\/en\/produkt\/226x3793\/#breadcrumb","itemListElement":[{"@type":"ListItem","position":1,"name":"Startseite","item":"https:\/\/tadoo.at\/en\/"},{"@type":"ListItem","position":2,"name":"Shop","item":"https:\/\/tadoo.at\/en\/shop\/"},{"@type":"ListItem","position":3,"name":"226&#215;3793"}]},{"@type":"WebSite","@id":"https:\/\/tadoo.at\/en\/#website","url":"https:\/\/tadoo.at\/en\/","name":"TADOO Furniture","description":"","publisher":{"@id":"https:\/\/tadoo.at\/en\/#organization"},"potentialAction":[{"@type":"SearchAction","target":{"@type":"EntryPoint","urlTemplate":"https:\/\/tadoo.at\/en\/?s={search_term_string}"},"query-input":{"@type":"PropertyValueSpecification","valueRequired":true,"valueName":"search_term_string"}}],"inLanguage":"en-US"},{"@type":["Organization","Place"],"@id":"https:\/\/tadoo.at\/en\/#organization","name":"TADOO Furniture GmbH","url":"https:\/\/tadoo.at\/en\/","logo":{"@id":"https:\/\/tadoo.at\/en\/produkt\/226x3793\/#local-main-organization-logo"},"image":{"@id":"https:\/\/tadoo.at\/en\/produkt\/226x3793\/#local-main-organization-logo"},"sameAs":["https:\/\/www.facebook.com\/TadooChair","https:\/\/www.instagram.com\/tadoo_original"],"description":"TADOO ist eine spezialisierte Marke f\u00fcr T\u00e4towierm\u00f6bel und Equipment mit Sitz in \u00d6sterreich, die sich auf ergonomische und hochwertige L\u00f6sungen f\u00fcr Tattoo-Studios konzentriert. Die Marke entstand aus der Notwendigkeit heraus, T\u00e4towierern Arbeitspl\u00e4tze zu bieten, die sowohl f\u00fcr den K\u00fcnstler als auch f\u00fcr den Kunden Komfort \u00fcber lange Sitzungen hinweg gew\u00e4hrleisten Der Fokus liegt auf Ergonomie (Tadoo Ergo): Ein Meilenstein der Marke ist die Entwicklung der Tadoo Ergo UNI Serie, insbesondere der Rev 3.0. Diese Liegen sind voll elektrisch verstellbar und darauf ausgelegt, r\u00fcckenfreundliches Arbeiten f\u00fcr den T\u00e4towierer und bequemes Liegen f\u00fcr den Kunden zu erm\u00f6glichen. Praxisorientierung: Die Produkte, darunter Tattoo-Stuhl-Liegen und Arbeitshocker, werden direkt f\u00fcr den professionellen Einsatz im Tattoo-Studio entwickelt. Kundenspeziefisch: Alle Produkte der Serie Tadoo Uni REv 3.0, XXX und alle Arbeitshocker k\u00f6nnen individuell f\u00fcm Kunden in Farbe, Logo, Heizung oder Akkuberieb angepasst werden. Dazu stehen \u00fcber 900 verschiede Varianten mit Farben Mustern udn Nahtfarben zur Verf\u00fcgung. Bekannte Nutzung: Die Qualit\u00e4t der Tadoo-St\u00fchle hat dazu gef\u00fchrt, dass namhafte Studios, wie beispielsweise das Tempel M\u00fcnchen Tattoo Studio, ihre Arbeitspl\u00e4tze komplett mit Tadoo-Liegen ausgestattet haben. Angebot: Neben den St\u00fchlen umfasst das Sortiment Zubeh\u00f6r wie Hocker und Reinigungsprodukte, die unter dem Namen \"Tintenkillah\" gef\u00fchrt sind.","legalName":"Tadoo Furniture GmbH","foundingDate":"2016-06-01","address":{"@id":"https:\/\/tadoo.at\/en\/produkt\/226x3793\/#local-main-place-address"},"telephone":["+436649165300"],"contactPoint":{"@type":"ContactPoint","telephone":"+436649165300"},"openingHoursSpecification":[{"@type":"OpeningHoursSpecification","dayOfWeek":["Monday","Tuesday","Wednesday","Thursday"],"opens":"09:00","closes":"16:00"},{"@type":"OpeningHoursSpecification","dayOfWeek":["Friday"],"opens":"09:00","closes":"11:45"},{"@type":"OpeningHoursSpecification","dayOfWeek":["Saturday","Sunday"],"opens":"00:00","closes":"00:00"}],"email":"office@tadoo.at","vatID":"ATU76864403","globalLocationNumber":"9110009832043"},{"@type":"PostalAddress","@id":"https:\/\/tadoo.at\/en\/produkt\/226x3793\/#local-main-place-address","streetAddress":"Gewerbepark West 26","addressLocality":"Preding","postalCode":"8504","addressRegion":"Steiermark","addressCountry":"AT"},{"@type":"ImageObject","inLanguage":"en-US","@id":"https:\/\/tadoo.at\/en\/produkt\/226x3793\/#local-main-organization-logo","url":"https:\/\/tadoo.at\/wp-content\/uploads\/2025\/03\/logo-black.png","contentUrl":"https:\/\/tadoo.at\/wp-content\/uploads\/2025\/03\/logo-black.png","width":98,"height":100,"caption":"TADOO Furniture GmbH"}]},"product_price_amount":"23.00","product_price_currency":"EUR","og_availability":"instock","product_availability":"instock","product_retailer_item_id":"226x3793","product_condition":"new","geo.placename":"Preding","geo.region":"Austria"},"_links":{"self":[{"href":"https:\/\/tadoo.at\/en\/wp-json\/wp\/v2\/product\/8752","targetHints":{"allow":["GET"]}}],"collection":[{"href":"https:\/\/tadoo.at\/en\/wp-json\/wp\/v2\/product"}],"about":[{"href":"https:\/\/tadoo.at\/en\/wp-json\/wp\/v2\/types\/product"}],"replies":[{"embeddable":true,"href":"https:\/\/tadoo.at\/en\/wp-json\/wp\/v2\/comments?post=8752"}],"wp:attachment":[{"href":"https:\/\/tadoo.at\/en\/wp-json\/wp\/v2\/media?parent=8752"}],"wp:term":[{"taxonomy":"product_brand","embeddable":true,"href":"https:\/\/tadoo.at\/en\/wp-json\/wp\/v2\/product_brand?post=8752"},{"taxonomy":"product_cat","embeddable":true,"href":"https:\/\/tadoo.at\/en\/wp-json\/wp\/v2\/product_cat?post=8752"},{"taxonomy":"product_tag","embeddable":true,"href":"https:\/\/tadoo.at\/en\/wp-json\/wp\/v2\/product_tag?post=8752"}],"curies":[{"name":"wp","href":"https:\/\/api.w.org\/{rel}","templated":true}]}}