{"id":8932,"date":"2025-03-26T08:58:31","date_gmt":"2025-03-26T07:58:31","guid":{"rendered":"https:\/\/digital-artists.net\/kundenprojektvierzehn\/webshop\/"},"modified":"2025-03-28T16:02:00","modified_gmt":"2025-03-28T15:02:00","slug":"webshop","status":"publish","type":"page","link":"https:\/\/tadoo.at\/en\/webshop\/","title":{"rendered":"Webshop"},"content":{"rendered":"<p>[et_pb_section fb_built=&#8221;1&#8243; _builder_version=&#8221;4.27.4&#8243; _module_preset=&#8221;default&#8221; background_color=&#8221;#EAEBE6&#8243; global_colors_info=&#8221;{}&#8221;][et_pb_row _builder_version=&#8221;4.27.4&#8243; _module_preset=&#8221;default&#8221; global_colors_info=&#8221;{}&#8221;][et_pb_column type=&#8221;4_4&#8243; _builder_version=&#8221;4.27.4&#8243; _module_preset=&#8221;default&#8221; global_colors_info=&#8221;{}&#8221;][dsm_glitch_text _builder_version=&#8221;4.27.4&#8243; _module_preset=&#8221;default&#8221; glitch_text=&#8221;WEBSHOP&#8221; glitch_text_effect=&#8221;three&#8221; header_font=&#8221;|700|||||||&#8221; header_font_size=&#8221;10vw&#8221; hover_enabled=&#8221;0&#8243; sticky_enabled=&#8221;0&#8243;][\/dsm_glitch_text][et_pb_shop type=&#8221;product_category&#8221; posts_number=&#8221;20&#8243; include_categories=&#8221;118,20,74,23,123,67,24,21,25,22,121,68&#8243; _builder_version=&#8221;4.27.4&#8243; _module_preset=&#8221;default&#8221; global_colors_info=&#8221;{}&#8221;][\/et_pb_shop][\/et_pb_column][\/et_pb_row][\/et_pb_section]<\/p>\n","protected":false},"excerpt":{"rendered":"<div class=\"et_pb_module dsm_glitch_text dsm_glitch_text_0  et_pb_bg_layout_light\">\n\t\t\t\t\n\t\t\t\t\n\t\t\t\t\n\t\t\t\t\n\t\t\t\t\n\t\t\t\t\n\t\t\t\t<div class=\"et_pb_module_inner\">\n\t\t\t\t\t<h1 class=\"dsm-glitch-text et_pb_module_header dsm-glitch-effect-type-three\" data-dsm-glitch-text=\"WEBSHOP\"><span>WEBSHOP<\/span><\/h1>\n\t\t\t\t<\/div>\n\t\t\t<\/div>\n","protected":false},"author":1,"featured_media":0,"parent":0,"menu_order":0,"comment_status":"closed","ping_status":"closed","template":"","meta":{"_et_pb_use_builder":"on","_et_pb_old_content":"","_et_gb_content_width":"","footnotes":""},"class_list":["post-8932","page","type-page","status-publish","hentry"],"yoast_head":"<!-- This site is optimized with the Yoast SEO Premium plugin v27.2 (Yoast SEO v27.4) - https:\/\/yoast.com\/product\/yoast-seo-premium-wordpress\/ -->\n<title>Webshop - TADOO<\/title>\n<meta name=\"robots\" content=\"index, follow, max-snippet:-1, max-image-preview:large, max-video-preview:-1\" \/>\n<link rel=\"canonical\" href=\"https:\/\/tadoo.at\/en\/webshop\/\" \/>\n<meta property=\"og:locale\" content=\"en_US\" \/>\n<meta property=\"og:type\" content=\"article\" \/>\n<meta property=\"og:title\" content=\"Webshop\" \/>\n<meta property=\"og:url\" content=\"https:\/\/tadoo.at\/en\/webshop\/\" \/>\n<meta property=\"og:site_name\" content=\"TADOO\" \/>\n<meta property=\"article:publisher\" content=\"https:\/\/www.facebook.com\/TadooChair\" \/>\n<meta property=\"article:modified_time\" content=\"2025-03-28T15:02:00+00:00\" \/>\n<meta name=\"twitter:card\" content=\"summary_large_image\" \/>\n<meta name=\"twitter:description\" content=\"[dsm_glitch_text _builder_version=&quot;4.27.4&quot; _module_preset=&quot;default&quot; glitch_text=&quot;WEBSHOP&quot; glitch_text_effect=&quot;three&quot; header_font=&quot;|700|||||||&quot; header_font_size=&quot;10vw&quot; hover_enabled=&quot;0&quot; sticky_enabled=&quot;0&quot;][\/dsm_glitch_text]\" \/>\n<script type=\"application\/ld+json\" class=\"yoast-schema-graph\">{\"@context\":\"https:\\\/\\\/schema.org\",\"@graph\":[{\"@type\":\"WebPage\",\"@id\":\"https:\\\/\\\/tadoo.at\\\/en\\\/webshop\\\/\",\"url\":\"https:\\\/\\\/tadoo.at\\\/en\\\/webshop\\\/\",\"name\":\"Webshop - TADOO\",\"isPartOf\":{\"@id\":\"https:\\\/\\\/tadoo.at\\\/en\\\/#website\"},\"datePublished\":\"2025-03-26T07:58:31+00:00\",\"dateModified\":\"2025-03-28T15:02:00+00:00\",\"breadcrumb\":{\"@id\":\"https:\\\/\\\/tadoo.at\\\/en\\\/webshop\\\/#breadcrumb\"},\"inLanguage\":\"en-US\",\"potentialAction\":[{\"@type\":\"ReadAction\",\"target\":[\"https:\\\/\\\/tadoo.at\\\/en\\\/webshop\\\/\"]}]},{\"@type\":\"BreadcrumbList\",\"@id\":\"https:\\\/\\\/tadoo.at\\\/en\\\/webshop\\\/#breadcrumb\",\"itemListElement\":[{\"@type\":\"ListItem\",\"position\":1,\"name\":\"Startseite\",\"item\":\"https:\\\/\\\/tadoo.at\\\/en\\\/\"},{\"@type\":\"ListItem\",\"position\":2,\"name\":\"Webshop\"}]},{\"@type\":\"WebSite\",\"@id\":\"https:\\\/\\\/tadoo.at\\\/en\\\/#website\",\"url\":\"https:\\\/\\\/tadoo.at\\\/en\\\/\",\"name\":\"TADOO Furniture\",\"description\":\"\",\"publisher\":{\"@id\":\"https:\\\/\\\/tadoo.at\\\/en\\\/#organization\"},\"potentialAction\":[{\"@type\":\"SearchAction\",\"target\":{\"@type\":\"EntryPoint\",\"urlTemplate\":\"https:\\\/\\\/tadoo.at\\\/en\\\/?s={search_term_string}\"},\"query-input\":{\"@type\":\"PropertyValueSpecification\",\"valueRequired\":true,\"valueName\":\"search_term_string\"}}],\"inLanguage\":\"en-US\"},{\"@type\":[\"Organization\",\"Place\"],\"@id\":\"https:\\\/\\\/tadoo.at\\\/en\\\/#organization\",\"name\":\"TADOO Furniture GmbH\",\"url\":\"https:\\\/\\\/tadoo.at\\\/en\\\/\",\"logo\":{\"@id\":\"https:\\\/\\\/tadoo.at\\\/en\\\/webshop\\\/#local-main-organization-logo\"},\"image\":{\"@id\":\"https:\\\/\\\/tadoo.at\\\/en\\\/webshop\\\/#local-main-organization-logo\"},\"sameAs\":[\"https:\\\/\\\/www.facebook.com\\\/TadooChair\",\"https:\\\/\\\/www.instagram.com\\\/tadoo_original\"],\"description\":\"TADOO ist eine spezialisierte Marke f\u00fcr T\u00e4towierm\u00f6bel und Equipment mit Sitz in \u00d6sterreich, die sich auf ergonomische und hochwertige L\u00f6sungen f\u00fcr Tattoo-Studios konzentriert. Die Marke entstand aus der Notwendigkeit heraus, T\u00e4towierern Arbeitspl\u00e4tze zu bieten, die sowohl f\u00fcr den K\u00fcnstler als auch f\u00fcr den Kunden Komfort \u00fcber lange Sitzungen hinweg gew\u00e4hrleisten Der Fokus liegt auf Ergonomie (Tadoo Ergo): Ein Meilenstein der Marke ist die Entwicklung der Tadoo Ergo UNI Serie, insbesondere der Rev 3.0. Diese Liegen sind voll elektrisch verstellbar und darauf ausgelegt, r\u00fcckenfreundliches Arbeiten f\u00fcr den T\u00e4towierer und bequemes Liegen f\u00fcr den Kunden zu erm\u00f6glichen. Praxisorientierung: Die Produkte, darunter Tattoo-Stuhl-Liegen und Arbeitshocker, werden direkt f\u00fcr den professionellen Einsatz im Tattoo-Studio entwickelt. Kundenspeziefisch: Alle Produkte der Serie Tadoo Uni REv 3.0, XXX und alle Arbeitshocker k\u00f6nnen individuell f\u00fcm Kunden in Farbe, Logo, Heizung oder Akkuberieb angepasst werden. Dazu stehen \u00fcber 900 verschiede Varianten mit Farben Mustern udn Nahtfarben zur Verf\u00fcgung. Bekannte Nutzung: Die Qualit\u00e4t der Tadoo-St\u00fchle hat dazu gef\u00fchrt, dass namhafte Studios, wie beispielsweise das Tempel M\u00fcnchen Tattoo Studio, ihre Arbeitspl\u00e4tze komplett mit Tadoo-Liegen ausgestattet haben. Angebot: Neben den St\u00fchlen umfasst das Sortiment Zubeh\u00f6r wie Hocker und Reinigungsprodukte, die unter dem Namen \\\"Tintenkillah\\\" gef\u00fchrt sind.\",\"legalName\":\"Tadoo Furniture GmbH\",\"foundingDate\":\"2016-06-01\",\"address\":{\"@id\":\"https:\\\/\\\/tadoo.at\\\/en\\\/webshop\\\/#local-main-place-address\"},\"telephone\":[\"+436649165300\"],\"contactPoint\":{\"@type\":\"ContactPoint\",\"telephone\":\"+436649165300\"},\"openingHoursSpecification\":[{\"@type\":\"OpeningHoursSpecification\",\"dayOfWeek\":[\"Monday\",\"Tuesday\",\"Wednesday\",\"Thursday\"],\"opens\":\"09:00\",\"closes\":\"16:00\"},{\"@type\":\"OpeningHoursSpecification\",\"dayOfWeek\":[\"Friday\"],\"opens\":\"09:00\",\"closes\":\"11:45\"},{\"@type\":\"OpeningHoursSpecification\",\"dayOfWeek\":[\"Saturday\",\"Sunday\"],\"opens\":\"00:00\",\"closes\":\"00:00\"}],\"email\":\"office@tadoo.at\",\"vatID\":\"ATU76864403\",\"globalLocationNumber\":\"9110009832043\"},{\"@type\":\"PostalAddress\",\"@id\":\"https:\\\/\\\/tadoo.at\\\/en\\\/webshop\\\/#local-main-place-address\",\"streetAddress\":\"Gewerbepark West 26\",\"addressLocality\":\"Preding\",\"postalCode\":\"8504\",\"addressRegion\":\"Steiermark\",\"addressCountry\":\"AT\"},{\"@type\":\"ImageObject\",\"inLanguage\":\"en-US\",\"@id\":\"https:\\\/\\\/tadoo.at\\\/en\\\/webshop\\\/#local-main-organization-logo\",\"url\":\"https:\\\/\\\/tadoo.at\\\/wp-content\\\/uploads\\\/2025\\\/03\\\/logo-black.png\",\"contentUrl\":\"https:\\\/\\\/tadoo.at\\\/wp-content\\\/uploads\\\/2025\\\/03\\\/logo-black.png\",\"width\":98,\"height\":100,\"caption\":\"TADOO Furniture GmbH\"}]}<\/script>\n<meta name=\"geo.placename\" content=\"Preding\" \/>\n<meta name=\"geo.region\" content=\"Austria\" \/>\n<!-- \/ Yoast SEO Premium plugin. -->","yoast_head_json":{"title":"Webshop - TADOO","robots":{"index":"index","follow":"follow","max-snippet":"max-snippet:-1","max-image-preview":"max-image-preview:large","max-video-preview":"max-video-preview:-1"},"canonical":"https:\/\/tadoo.at\/en\/webshop\/","og_locale":"en_US","og_type":"article","og_title":"Webshop","og_url":"https:\/\/tadoo.at\/en\/webshop\/","og_site_name":"TADOO","article_publisher":"https:\/\/www.facebook.com\/TadooChair","article_modified_time":"2025-03-28T15:02:00+00:00","twitter_card":"summary_large_image","twitter_description":"[dsm_glitch_text _builder_version=\"4.27.4\" _module_preset=\"default\" glitch_text=\"WEBSHOP\" glitch_text_effect=\"three\" header_font=\"|700|||||||\" header_font_size=\"10vw\" hover_enabled=\"0\" sticky_enabled=\"0\"][\/dsm_glitch_text]","schema":{"@context":"https:\/\/schema.org","@graph":[{"@type":"WebPage","@id":"https:\/\/tadoo.at\/en\/webshop\/","url":"https:\/\/tadoo.at\/en\/webshop\/","name":"Webshop - TADOO","isPartOf":{"@id":"https:\/\/tadoo.at\/en\/#website"},"datePublished":"2025-03-26T07:58:31+00:00","dateModified":"2025-03-28T15:02:00+00:00","breadcrumb":{"@id":"https:\/\/tadoo.at\/en\/webshop\/#breadcrumb"},"inLanguage":"en-US","potentialAction":[{"@type":"ReadAction","target":["https:\/\/tadoo.at\/en\/webshop\/"]}]},{"@type":"BreadcrumbList","@id":"https:\/\/tadoo.at\/en\/webshop\/#breadcrumb","itemListElement":[{"@type":"ListItem","position":1,"name":"Startseite","item":"https:\/\/tadoo.at\/en\/"},{"@type":"ListItem","position":2,"name":"Webshop"}]},{"@type":"WebSite","@id":"https:\/\/tadoo.at\/en\/#website","url":"https:\/\/tadoo.at\/en\/","name":"TADOO Furniture","description":"","publisher":{"@id":"https:\/\/tadoo.at\/en\/#organization"},"potentialAction":[{"@type":"SearchAction","target":{"@type":"EntryPoint","urlTemplate":"https:\/\/tadoo.at\/en\/?s={search_term_string}"},"query-input":{"@type":"PropertyValueSpecification","valueRequired":true,"valueName":"search_term_string"}}],"inLanguage":"en-US"},{"@type":["Organization","Place"],"@id":"https:\/\/tadoo.at\/en\/#organization","name":"TADOO Furniture GmbH","url":"https:\/\/tadoo.at\/en\/","logo":{"@id":"https:\/\/tadoo.at\/en\/webshop\/#local-main-organization-logo"},"image":{"@id":"https:\/\/tadoo.at\/en\/webshop\/#local-main-organization-logo"},"sameAs":["https:\/\/www.facebook.com\/TadooChair","https:\/\/www.instagram.com\/tadoo_original"],"description":"TADOO ist eine spezialisierte Marke f\u00fcr T\u00e4towierm\u00f6bel und Equipment mit Sitz in \u00d6sterreich, die sich auf ergonomische und hochwertige L\u00f6sungen f\u00fcr Tattoo-Studios konzentriert. Die Marke entstand aus der Notwendigkeit heraus, T\u00e4towierern Arbeitspl\u00e4tze zu bieten, die sowohl f\u00fcr den K\u00fcnstler als auch f\u00fcr den Kunden Komfort \u00fcber lange Sitzungen hinweg gew\u00e4hrleisten Der Fokus liegt auf Ergonomie (Tadoo Ergo): Ein Meilenstein der Marke ist die Entwicklung der Tadoo Ergo UNI Serie, insbesondere der Rev 3.0. Diese Liegen sind voll elektrisch verstellbar und darauf ausgelegt, r\u00fcckenfreundliches Arbeiten f\u00fcr den T\u00e4towierer und bequemes Liegen f\u00fcr den Kunden zu erm\u00f6glichen. Praxisorientierung: Die Produkte, darunter Tattoo-Stuhl-Liegen und Arbeitshocker, werden direkt f\u00fcr den professionellen Einsatz im Tattoo-Studio entwickelt. Kundenspeziefisch: Alle Produkte der Serie Tadoo Uni REv 3.0, XXX und alle Arbeitshocker k\u00f6nnen individuell f\u00fcm Kunden in Farbe, Logo, Heizung oder Akkuberieb angepasst werden. Dazu stehen \u00fcber 900 verschiede Varianten mit Farben Mustern udn Nahtfarben zur Verf\u00fcgung. Bekannte Nutzung: Die Qualit\u00e4t der Tadoo-St\u00fchle hat dazu gef\u00fchrt, dass namhafte Studios, wie beispielsweise das Tempel M\u00fcnchen Tattoo Studio, ihre Arbeitspl\u00e4tze komplett mit Tadoo-Liegen ausgestattet haben. Angebot: Neben den St\u00fchlen umfasst das Sortiment Zubeh\u00f6r wie Hocker und Reinigungsprodukte, die unter dem Namen \"Tintenkillah\" gef\u00fchrt sind.","legalName":"Tadoo Furniture GmbH","foundingDate":"2016-06-01","address":{"@id":"https:\/\/tadoo.at\/en\/webshop\/#local-main-place-address"},"telephone":["+436649165300"],"contactPoint":{"@type":"ContactPoint","telephone":"+436649165300"},"openingHoursSpecification":[{"@type":"OpeningHoursSpecification","dayOfWeek":["Monday","Tuesday","Wednesday","Thursday"],"opens":"09:00","closes":"16:00"},{"@type":"OpeningHoursSpecification","dayOfWeek":["Friday"],"opens":"09:00","closes":"11:45"},{"@type":"OpeningHoursSpecification","dayOfWeek":["Saturday","Sunday"],"opens":"00:00","closes":"00:00"}],"email":"office@tadoo.at","vatID":"ATU76864403","globalLocationNumber":"9110009832043"},{"@type":"PostalAddress","@id":"https:\/\/tadoo.at\/en\/webshop\/#local-main-place-address","streetAddress":"Gewerbepark West 26","addressLocality":"Preding","postalCode":"8504","addressRegion":"Steiermark","addressCountry":"AT"},{"@type":"ImageObject","inLanguage":"en-US","@id":"https:\/\/tadoo.at\/en\/webshop\/#local-main-organization-logo","url":"https:\/\/tadoo.at\/wp-content\/uploads\/2025\/03\/logo-black.png","contentUrl":"https:\/\/tadoo.at\/wp-content\/uploads\/2025\/03\/logo-black.png","width":98,"height":100,"caption":"TADOO Furniture GmbH"}]},"geo.placename":"Preding","geo.region":"Austria"},"_links":{"self":[{"href":"https:\/\/tadoo.at\/en\/wp-json\/wp\/v2\/pages\/8932","targetHints":{"allow":["GET"]}}],"collection":[{"href":"https:\/\/tadoo.at\/en\/wp-json\/wp\/v2\/pages"}],"about":[{"href":"https:\/\/tadoo.at\/en\/wp-json\/wp\/v2\/types\/page"}],"author":[{"embeddable":true,"href":"https:\/\/tadoo.at\/en\/wp-json\/wp\/v2\/users\/1"}],"replies":[{"embeddable":true,"href":"https:\/\/tadoo.at\/en\/wp-json\/wp\/v2\/comments?post=8932"}],"version-history":[{"count":2,"href":"https:\/\/tadoo.at\/en\/wp-json\/wp\/v2\/pages\/8932\/revisions"}],"predecessor-version":[{"id":9066,"href":"https:\/\/tadoo.at\/en\/wp-json\/wp\/v2\/pages\/8932\/revisions\/9066"}],"wp:attachment":[{"href":"https:\/\/tadoo.at\/en\/wp-json\/wp\/v2\/media?parent=8932"}],"curies":[{"name":"wp","href":"https:\/\/api.w.org\/{rel}","templated":true}]}}